{"id":195,"date":"2019-04-04T15:38:14","date_gmt":"2019-04-04T08:38:14","guid":{"rendered":"https:\/\/materials-lab.hcmus.edu.vn\/?page_id=195"},"modified":"2021-03-05T23:13:04","modified_gmt":"2021-03-05T16:13:04","slug":"phd-students","status":"publish","type":"page","link":"https:\/\/materials-lab.hcmus.edu.vn\/?page_id=195","title":{"rendered":"PhD\/Master Students"},"content":{"rendered":"\n<p>Danh s\u00e1ch h\u1ecdc vi\u00ean cao h\u1ecdc v\u00e0 nghi\u00ean c\u1ee9u sinh \u0111\u00e3 h\u01b0\u1edbng d\u1eabn t\u1ea1i Tr\u01b0\u1eddng \u0110\u1ea1i h\u1ecdc Khoa h\u1ecdc T\u1ef1 nhi\u00ean \u2013 \u0110HQG &#8211; HCM t\u1eeb n\u0103m 2010 &#8211; 2020:<\/p>\n<p>T\u1ed5ng c\u1ed9ng: 15 NCS\/Th\u1ea1c s\u1ef9<\/p>\n<table style=\"border-color: #050505; width: 671px; border-style: double;\" width=\"671\">\n<tbody>\n<tr>\n<td width=\"47\">\n<p><strong>STT<\/strong><\/p>\n<\/td>\n<td width=\"161\">\n<p><strong>H\u1ecc V\u00c0 T\u00caN H\u1eccC VI\u00caN<\/strong><\/p>\n<\/td>\n<td width=\"265\">\n<p><strong>T\u00caN LU\u1eacN V\u0102N \/ LU\u1eacN \u00c1N<\/strong><\/p>\n<\/td>\n<td width=\"104\">\n<p><strong>B\u1eacC \u0110\u00c0O T\u1ea0O<\/strong><\/p>\n<\/td>\n<td width=\"95\">\n<p><strong>N\u0102M <\/strong><\/p>\n<p><strong>B\u1ea2O V\u1ec6<\/strong><\/p>\n<\/td>\n<\/tr>\n<tr>\n<td width=\"47\">\n<p>1.\u00a0\u00a0\u00a0\u00a0\u00a0\u00a0\u00a0\u00a0\u00a0\u00a0\u00a0\u00a0 \u00a0<\/p>\n<\/td>\n<td width=\"161\">\n<p>Ho\u00e0ng V\u0103n D\u0169ng<\/p>\n<\/td>\n<td width=\"265\">\n<p>T\u1ed5ng h\u1ee3p v\u00e0 nghi\u00ean c\u1ee9u t\u00ednh ch\u1ea5t nhi\u1ec7t \u0111i\u1ec7n c\u1ee7a v\u1eadt li\u1ec7u CuCrO2<\/p>\n<\/td>\n<td width=\"104\">\n<p>\u00a0<\/p>\n<p>NCS<\/p>\n<\/td>\n<td width=\"95\">\n<p>2023<\/p>\n<\/td>\n<\/tr>\n<tr>\n<td width=\"47\">\n<p>2.\u00a0\u00a0\u00a0\u00a0\u00a0\u00a0\u00a0\u00a0\u00a0\u00a0\u00a0\u00a0 \u00a0<\/p>\n<\/td>\n<td width=\"161\">\n<p>Ph\u1ea1m Thanh Tu\u1ea5n Anh<\/p>\n<\/td>\n<td width=\"265\">\n<p>Nghi\u00ean c\u1ee9u t\u00ednh ch\u1ea5t nhi\u1ec7t \u0111i\u1ec7n c\u1ee7a m\u00e0ng m\u1ecfng ZnO \u0111\u1ed3ng pha t\u1ea1p Ga v\u00e0 In.<\/p>\n<\/td>\n<td width=\"104\">\n<p>\u00a0<\/p>\n<p>NCS<\/p>\n<\/td>\n<td width=\"95\">\n<p>2021<\/p>\n<\/td>\n<\/tr>\n<tr>\n<td width=\"47\">\n<p>3.\u00a0\u00a0\u00a0\u00a0\u00a0\u00a0\u00a0\u00a0\u00a0\u00a0\u00a0\u00a0 \u00a0<\/p>\n<\/td>\n<td width=\"161\">\n<p>Nguy\u1ec5n H\u1eefu K\u1ebf<\/p>\n<\/td>\n<td width=\"265\">\n<p>Nghi\u00ean c\u1ee9u t\u00ednh ch\u1ea5t quang \u0111i\u1ec7n c\u1ee7a l\u1edbp ti\u1ebfp x\u00fac d\u1ecb th\u1ec3 n-ZnO\/p-Cu2O \u1ee9ng d\u1ee5ng cho pin m\u1eb7t tr\u1eddi.<\/p>\n<\/td>\n<td width=\"104\">\n<p>\u00a0<\/p>\n<p>NCS<\/p>\n<\/td>\n<td width=\"95\">\n<p>6\/2020<\/p>\n<\/td>\n<\/tr>\n<tr>\n<td width=\"47\">\n<p>4.\u00a0\u00a0\u00a0\u00a0\u00a0\u00a0\u00a0\u00a0\u00a0\u00a0\u00a0\u00a0 \u00a0<\/p>\n<\/td>\n<td width=\"161\">\n<p>Ph\u1ea1m Kim Ng\u1ecdc<\/p>\n<\/td>\n<td width=\"265\">\n<p>C\u01a1 ch\u1ebf truy\u1ec1n d\u1eabn \u0111i\u1ec7n t\u00edch v\u00e0 chuy\u1ec3n \u0111\u1ed5i \u0111i\u1ec7n tr\u1edf thu\u1eadn ngh\u1ecbch c\u1ee7a m\u00e0ng m\u1ecfng \u00f4x\u00edt Chromium<\/p>\n<\/td>\n<td width=\"104\">\n<p>\u00a0<\/p>\n<p>NCS<\/p>\n<\/td>\n<td width=\"95\">\n<p>2019<\/p>\n<\/td>\n<\/tr>\n<tr>\n<td width=\"47\">\n<p>5.\u00a0\u00a0\u00a0\u00a0\u00a0\u00a0\u00a0\u00a0\u00a0\u00a0\u00a0\u00a0 \u00a0<\/p>\n<\/td>\n<td width=\"161\">\n<p>Nguy\u1ec5n Th\u1ecb Ph\u01b0\u1ee3ng<\/p>\n<\/td>\n<td width=\"265\">\n<p>S\u1eed d\u1ee5ng c\u00e1c ph\u01b0\u01a1ng ph\u00e1p ph\u00e2n t\u00edch quang ph\u1ed5 \u0111\u1ec3 nghi\u00ean c\u1ee9u vai tr\u00f2 c\u1ee7a hydro v\u00e0 flo khi \u0111\u01b0\u1ee3c pha t\u1ea1p \u0111\u1ed3ng th\u1eddi v\u00e0o m\u00e0ng m\u1ecfng oxit k\u1ebdm.<\/p>\n<\/td>\n<td width=\"104\">\n<p>\u00a0<\/p>\n<p>Cao h\u1ecdc<\/p>\n<\/td>\n<td width=\"95\">\n<p>12\/2019<\/p>\n<\/td>\n<\/tr>\n<tr>\n<td width=\"47\">\n<p>6.\u00a0\u00a0\u00a0\u00a0\u00a0\u00a0\u00a0\u00a0\u00a0\u00a0\u00a0\u00a0 \u00a0<\/p>\n<\/td>\n<td width=\"161\">\n<p>Nguy\u1ec5n V\u0103n T\u1ecbnh<\/p>\n<\/td>\n<td width=\"265\">\n<p>Nghi\u00ean c\u1ee9u \u1ea3nh h\u01b0\u1edfng c\u1ee7a s\u1ef1 \u0111\u1ed3ng pha t\u1ea1p In\u0111i v\u00e0 Hy\u0111r\u00f4 l\u00ean t\u00ednh ch\u1ea5t quang, t\u00ednh ch\u1ea5t \u0111i\u1ec7n, c\u1ea5u tr\u00fac c\u1ee7a m\u00e0ng m\u1ecfng K\u1ebdm Oxit ch\u1ebf t\u1ea1o b\u1eb1ng ph\u01b0\u01a1ng ph\u00e1p ph\u00fan x\u1ea1 Magnetron DC<\/p>\n<\/td>\n<td width=\"104\">\n<p>\u00a0<\/p>\n<p>Cao h\u1ecdc<\/p>\n<\/td>\n<td width=\"95\">\n<p>12\/2018<\/p>\n<\/td>\n<\/tr>\n<tr>\n<td width=\"47\">\n<p>7.\u00a0\u00a0\u00a0\u00a0\u00a0\u00a0\u00a0\u00a0\u00a0\u00a0\u00a0\u00a0 \u00a0<\/p>\n<\/td>\n<td width=\"161\">\n<p>Ng\u00f4 Minh Nh\u1ef1t<\/p>\n<\/td>\n<td width=\"265\">\n<p>Nghi\u00ean c\u1ee9u, ch\u1ebf t\u1ea1o m\u00e0ng m\u1ecfng trong su\u1ed1t d\u1eabn \u0111i\u1ec7n ZnO pha t\u1ea1p Flo (FZO) v\u00e0 ZnO \u0111\u1ed3ng pha t\u1ea1p Flo v\u00e0 Hydro (HFZO)<\/p>\n<\/td>\n<td width=\"104\">\n<p>\u00a0<\/p>\n<p>Cao h\u1ecdc<\/p>\n<\/td>\n<td width=\"95\">\n<p>10\/2018<\/p>\n<\/td>\n<\/tr>\n<tr>\n<td width=\"47\">\n<p>8.\u00a0\u00a0\u00a0\u00a0\u00a0\u00a0\u00a0\u00a0\u00a0\u00a0\u00a0\u00a0 \u00a0<\/p>\n<\/td>\n<td width=\"161\">\n<p>\u0110inh Th\u1ecb \u0110\u1ee9c H\u1ea1nh<\/p>\n<\/td>\n<td width=\"265\">\n<p>\u1ea2nh h\u01b0\u1edfng c\u1ee7a h\u00e0m l\u01b0\u1ee3ng hydrogen v\u00e0 nhi\u1ec7t \u0111\u1ed9 \u0111\u1ebf l\u00ean t\u00ednh ch\u1ea5t \u0111i\u1ec7n v\u00e0 quang c\u1ee7a m\u00e0ng m\u1ecfng ZnO ch\u1ebf t\u1ea1o b\u1eb1ng ph\u01b0\u01a1ng ph\u00e1p ph\u00fan x\u1ea1 magnetron trong h\u1ed7n h\u1ee3p kh\u00ed argon v\u00e0 hydrogen<\/p>\n<\/td>\n<td width=\"104\">\n<p>\u00a0<\/p>\n<p>\u00a0<\/p>\n<p>Cao h\u1ecdc<\/p>\n<\/td>\n<td width=\"95\">\n<p>4\/2018<\/p>\n<\/td>\n<\/tr>\n<tr>\n<td width=\"47\">\n<p>9.\u00a0\u00a0\u00a0\u00a0\u00a0\u00a0\u00a0\u00a0\u00a0\u00a0\u00a0\u00a0 \u00a0<\/p>\n<\/td>\n<td width=\"161\">\n<p>Nguy\u1ec5n Duy Kh\u00e1nh<\/p>\n<\/td>\n<td width=\"265\">\n<p>Kh\u1ea3o s\u00e1t s\u1ef1 \u1ea3nh h\u01b0\u1edfng c\u1ee7a hy\u0111r\u00f4 l\u00ean t\u00ednh ch\u1ea5t \u0111i\u1ec7n, quang v\u00e0 c\u1ea5u tr\u00fac c\u1ee7a m\u00e0ng m\u1ecfng ZnO pha t\u1ea1p nh\u00f4m \u0111\u01b0\u1ee3c ch\u1ebf t\u1ea1o b\u1eb1ng ph\u01b0\u01a1ng<\/p>\n<\/td>\n<td width=\"104\">\n<p>\u00a0<\/p>\n<p>Cao h\u1ecdc<\/p>\n<\/td>\n<td width=\"95\">\n<p>01\/2018<\/p>\n<\/td>\n<\/tr>\n<tr>\n<td width=\"47\">\n<p>10.\u00a0\u00a0\u00a0\u00a0\u00a0\u00a0\u00a0\u00a0 \u00a0<\/p>\n<\/td>\n<td width=\"161\">\n<p>\u0110\u1ed7 Th\u1ecb Nga<\/p>\n<\/td>\n<td width=\"265\">\n<p>S\u1eed d\u1ee5ng ph\u01b0\u01a1ng ph\u00e1p l\u00fd thuy\u1ebft h\u00e0m m\u1eadt \u0111\u1ed9 DFT \u0111\u1ec3 t\u00ednh \u0111\u1ed9 d\u1eabn \u0111i\u1ec7n c\u1ee7a m\u00e0ng ZnO pha t\u1ea1p Hy\u0111r\u00f4.<\/p>\n<\/td>\n<td width=\"104\">\n<p>\u00a0<\/p>\n<p>Cao h\u1ecdc<\/p>\n<\/td>\n<td width=\"95\">\n<p>12\/2017<\/p>\n<\/td>\n<\/tr>\n<tr>\n<td width=\"47\">\n<p>11.\u00a0\u00a0\u00a0\u00a0\u00a0\u00a0\u00a0\u00a0 \u00a0<\/p>\n<\/td>\n<td width=\"161\">\n<p>Ph\u1ea1m Thanh Tu\u1ea5n Anh<\/p>\n<\/td>\n<td width=\"265\">\n<p>T\u0103ng c\u01b0\u1eddng \u0111\u1ed9 linh \u0111\u1ed9ng \u0111i\u1ec7n t\u1eed c\u1ee7a m\u00e0ng \u00d4x\u00edt K\u1ebdm v\u1edbi vi\u1ec7c \u0111\u1ed3ng pha t\u1ea1p (H:Ga) \u0111\u01b0\u1ee3c ch\u1ebf t\u1ea1o b\u1eb1ng ph\u01b0\u01a1ng ph\u00e1p ph\u00fan x\u1ea1 magnetron DC<\/p>\n<\/td>\n<td width=\"104\">\n<p>\u00a0<\/p>\n<p>Cao h\u1ecdc<\/p>\n<\/td>\n<td width=\"95\">\n<p>02\/2016<\/p>\n<\/td>\n<\/tr>\n<tr>\n<td width=\"47\">\n<p>12.\u00a0\u00a0\u00a0\u00a0\u00a0\u00a0\u00a0\u00a0 \u00a0<\/p>\n<\/td>\n<td width=\"161\">\n<p>Nguy\u1ec5n H\u1eefu Tr\u01b0\u01a1ng<\/p>\n<\/td>\n<td width=\"265\">\n<p>Nghi\u00ean c\u1ee9u ch\u1ebf t\u1ea1o m\u00e0ng m\u1ecfng ZnO \u0111\u1ed3ng pha t\u1ea1p Ga &amp; In l\u00e0m \u0111i\u1ec7n c\u1ef1c trong su\u1ed1t ch\u1ecbu nhi\u1ec7t \u0111\u1ed9 cao.<\/p>\n<\/td>\n<td width=\"104\">\n<p>Cao h\u1ecdc<\/p>\n<\/td>\n<td width=\"95\">\n<p>2014<\/p>\n<\/td>\n<\/tr>\n<tr>\n<td width=\"47\">\n<p>13.\u00a0\u00a0\u00a0\u00a0\u00a0\u00a0\u00a0\u00a0 \u00a0<\/p>\n<\/td>\n<td width=\"161\">\n<p>Ho\u00e0ng V\u0103n D\u0169ng<\/p>\n<\/td>\n<td width=\"265\">\n<p><a name=\"_Toc366812592\"><\/a>Nghi\u00ean c\u1ee9u ch\u1ebf t\u1ea1o m\u00e0ng ITO \u0111\u1ecbnh h\u01b0\u1edbng m\u1eb7t (222) b\u1eb1ng ph\u01b0\u01a1ng ph\u00e1p ph\u00fan x\u1ea1 magnetron dc.<\/p>\n<\/td>\n<td width=\"104\">\n<p>\u00a0<\/p>\n<p>Cao h\u1ecdc<\/p>\n<\/td>\n<td width=\"95\">\n<p>2014<\/p>\n<\/td>\n<\/tr>\n<tr>\n<td width=\"47\">\n<p>14.\u00a0\u00a0\u00a0\u00a0\u00a0\u00a0\u00a0\u00a0 \u00a0<\/p>\n<\/td>\n<td width=\"161\">\n<p>Ph\u1ea1m\u00a0 Duy Phong<\/p>\n<\/td>\n<td width=\"265\">\n<p>\u1ea2nh h\u01b0\u1edfng c\u1ee7a qu\u00e1 tr\u00ecnh nung nhi\u1ec7t l\u00ean s\u1ef1 h\u00ecnh th\u00e0nh m\u00e0ng silic \u0111a tinh th\u1ec3 d\u1eabn \u0111i\u1ec7n lo\u1ea1i p tr\u00ean l\u1edbp \u0111\u1ec7m kim lo\u1ea1i nh\u00f4m<\/p>\n<\/td>\n<td width=\"104\">\n<p>\u00a0<\/p>\n<p>Cao h\u1ecdc<\/p>\n<\/td>\n<td width=\"95\">\n<p>2011<\/p>\n<\/td>\n<\/tr>\n<tr>\n<td width=\"47\">\n<p>15.\u00a0\u00a0\u00a0\u00a0\u00a0\u00a0\u00a0\u00a0 \u00a0<\/p>\n<\/td>\n<td width=\"161\">\n<p>T\u1ea1 Th\u1ecb Ki\u1ec1u H\u1ea1nh<\/p>\n<\/td>\n<td width=\"265\">\n<p>Nghi\u00ean c\u1ee9u ch\u1ebf t\u1ea1o m\u00e0ng m\u1ea3ng d\u1eabn \u0111i\u1ec7n lo\u1ea1i p d\u1ef1a tr\u00ean ZnO pha t\u1ea1p<\/p>\n<\/td>\n<td width=\"104\">\n<p>\u00a0<\/p>\n<p>Cao h\u1ecdc<\/p>\n<\/td>\n<td width=\"95\">\n<p>2009<\/p>\n<\/td>\n<\/tr>\n<\/tbody>\n<\/table>\n","protected":false},"excerpt":{"rendered":"<p>Danh s\u00e1ch h\u1ecdc vi\u00ean cao h\u1ecdc v\u00e0 nghi\u00ean c\u1ee9u sinh \u0111\u00e3 h\u01b0\u1edbng d\u1eabn t\u1ea1i Tr\u01b0\u1eddng \u0110\u1ea1i<\/p>\n","protected":false},"author":1,"featured_media":0,"parent":192,"menu_order":0,"comment_status":"closed","ping_status":"closed","template":"","meta":{"footnotes":""},"_links":{"self":[{"href":"https:\/\/materials-lab.hcmus.edu.vn\/index.php?rest_route=\/wp\/v2\/pages\/195"}],"collection":[{"href":"https:\/\/materials-lab.hcmus.edu.vn\/index.php?rest_route=\/wp\/v2\/pages"}],"about":[{"href":"https:\/\/materials-lab.hcmus.edu.vn\/index.php?rest_route=\/wp\/v2\/types\/page"}],"author":[{"embeddable":true,"href":"https:\/\/materials-lab.hcmus.edu.vn\/index.php?rest_route=\/wp\/v2\/users\/1"}],"replies":[{"embeddable":true,"href":"https:\/\/materials-lab.hcmus.edu.vn\/index.php?rest_route=%2Fwp%2Fv2%2Fcomments&post=195"}],"version-history":[{"count":10,"href":"https:\/\/materials-lab.hcmus.edu.vn\/index.php?rest_route=\/wp\/v2\/pages\/195\/revisions"}],"predecessor-version":[{"id":1589,"href":"https:\/\/materials-lab.hcmus.edu.vn\/index.php?rest_route=\/wp\/v2\/pages\/195\/revisions\/1589"}],"up":[{"embeddable":true,"href":"https:\/\/materials-lab.hcmus.edu.vn\/index.php?rest_route=\/wp\/v2\/pages\/192"}],"wp:attachment":[{"href":"https:\/\/materials-lab.hcmus.edu.vn\/index.php?rest_route=%2Fwp%2Fv2%2Fmedia&parent=195"}],"curies":[{"name":"wp","href":"https:\/\/api.w.org\/{rel}","templated":true}]}}