{"id":197,"date":"2019-04-04T15:38:30","date_gmt":"2019-04-04T08:38:30","guid":{"rendered":"https:\/\/materials-lab.hcmus.edu.vn\/?page_id=197"},"modified":"2021-03-05T23:11:23","modified_gmt":"2021-03-05T16:11:23","slug":"master-students","status":"publish","type":"page","link":"https:\/\/materials-lab.hcmus.edu.vn\/?page_id=197","title":{"rendered":"Graduate Students"},"content":{"rendered":"\n<p>Danh s\u00e1ch sinh vi\u00ean \u0111\u00e3 h\u01b0\u1edbng d\u1eabn t\u1ea1i Ph\u00f2ng th\u00ed nghi\u1ec7m V\u1eadt li\u1ec7u K\u1ef9 thu\u1eadt cao &#8211; Tr\u01b0\u1eddng \u0110\u1ea1i h\u1ecdc Khoa h\u1ecdc T\u1ef1 nhi\u00ean &#8211; \u0110HQG &#8211; HCM t\u1eeb n\u0103m 2010 &#8211; 2020:<\/p>\n<p>T\u1ed5ng s\u1ed1: <strong>46 sinh vi\u00ean<br \/><\/strong><\/p>\n<table style=\"border-style: double; width: 660px; border-color: #030202;\" width=\"660\">\n<tbody>\n<tr>\n<td width=\"47\">\n<p><strong>STT<\/strong><\/p>\n<\/td>\n<td width=\"188\">\n<p><strong>H\u1ecc V\u00c0 T\u00caN H\u1eccC VI\u00caN<\/strong><\/p>\n<\/td>\n<td width=\"275\">\n<p><strong>T\u00caN KH\u00d3A LU\u1eacN<\/strong><\/p>\n<\/td>\n<td width=\"85\">\n<p><strong>N\u0102M <\/strong><\/p>\n<p><strong>B\u1ea2O V\u1ec6<\/strong><\/p>\n<\/td>\n<td width=\"65\">\n<p><strong>Ghi ch\u00fa<\/strong><\/p>\n<\/td>\n<\/tr>\n<tr>\n<td width=\"47\">\n<p>1.\u00a0\u00a0\u00a0\u00a0\u00a0\u00a0\u00a0\u00a0\u00a0\u00a0\u00a0\u00a0 \u00a0<\/p>\n<\/td>\n<td width=\"188\">\n<p>Nguy\u1ec5n Nh\u1ef1t Minh Th\u00f4ng<\/p>\n<\/td>\n<td width=\"275\">\n<p>Kh\u1ea3o s\u00e1t t\u00ednh ch\u1ea5t nhi\u1ec7t \u0111i\u1ec7n c\u1ee7a m\u00e0ng m\u1ecfng CuCrO2: Mg b\u1eb1ng ph\u01b0\u01a1ng ph\u00e1p ph\u00fan<\/p>\n<\/td>\n<td width=\"85\">\n<p>2020<\/p>\n<\/td>\n<td width=\"65\">\n<p>\u0110\u1ea1i h\u1ecdc<\/p>\n<\/td>\n<\/tr>\n<tr>\n<td width=\"47\">\n<p>2.\u00a0\u00a0\u00a0\u00a0\u00a0\u00a0\u00a0\u00a0\u00a0\u00a0\u00a0\u00a0 \u00a0<\/p>\n<\/td>\n<td width=\"188\">\n<p>L\u00ea Ki\u1ec1u Anh T\u00fa<\/p>\n<\/td>\n<td width=\"275\">\n<p>\u1ea2nh h\u01b0\u1edfng c\u1ee7a nhi\u1ec7t \u0111\u1ed9 nung thi\u00eau k\u1ebft l\u00ean t\u00ednh ch\u1ea5t nhi\u1ec7t \u0111i\u1ec7n c\u1ee7a v\u1eadt li\u1ec7u kh\u1ed1i delafossite CuCr0.85Mg0.15O2<\/p>\n<\/td>\n<td width=\"85\">\n<p>2020<\/p>\n<\/td>\n<td width=\"65\">\n<p>\u0110\u1ea1i h\u1ecdc<\/p>\n<\/td>\n<\/tr>\n<tr>\n<td width=\"47\">\n<p>3.\u00a0\u00a0\u00a0\u00a0\u00a0\u00a0\u00a0\u00a0\u00a0\u00a0\u00a0\u00a0 \u00a0<\/p>\n<\/td>\n<td width=\"188\">\n<p>V\u00f5 Ng\u1ecdc Thanh Ph\u01b0\u01a1ng<\/p>\n<\/td>\n<td width=\"275\">\n<p>\u1ea2nh h\u01b0\u1edfng c\u1ee7a t\u1ea1p ch\u1ea5t kim lo\u1ea1i (Al, Ga, Mg) l\u00ean c\u1ea5u tr\u00fac tinh th\u1ec3 v\u00e0 t\u00ednh ch\u1ea5t nhi\u1ec7t \u0111i\u1ec7n c\u1ee7a m\u00e0ng ZnO<\/p>\n<\/td>\n<td width=\"85\">\n<p>2020<\/p>\n<\/td>\n<td width=\"65\">\n<p>\u0110\u1ea1i h\u1ecdc<\/p>\n<\/td>\n<\/tr>\n<tr>\n<td width=\"47\">\n<p>4.\u00a0\u00a0\u00a0\u00a0\u00a0\u00a0\u00a0\u00a0\u00a0\u00a0\u00a0\u00a0 \u00a0<\/p>\n<\/td>\n<td width=\"188\">\n<p>Nguy\u1ec5n Th\u1ecb \u00c1i Ph\u01b0\u01a1ng<\/p>\n<\/td>\n<td width=\"275\">\n<p>C\u1ea5u tr\u00fac tinh th\u1ec3 v\u00e0 \u0111\u1eb7c tr\u01b0ng d\u1eabn \u0111i\u1ec7n c\u1ee7a m\u00e0ng m\u1ecfng trong su\u1ed1t ZnO pha t\u1ea1p Clo<\/p>\n<\/td>\n<td width=\"85\">\n<p>2020<\/p>\n<\/td>\n<td width=\"65\">\n<p>\u0110\u1ea1i h\u1ecdc<\/p>\n<\/td>\n<\/tr>\n<tr>\n<td width=\"47\">\n<p>5.\u00a0\u00a0\u00a0\u00a0\u00a0\u00a0\u00a0\u00a0\u00a0\u00a0\u00a0\u00a0 \u00a0<\/p>\n<\/td>\n<td width=\"188\">\n<p>Ph\u1ea1m Cao Huy\u1ec1n Trang<\/p>\n<\/td>\n<td width=\"275\">\n<p>\u0110i\u1ec1u khi\u1ec3n s\u1ef1 ph\u00e2n t\u00e1ch pha th\u1ee9 c\u1ea5p nh\u1eb1m t\u0103ng c\u01b0\u1eddng ph\u1ea9m ch\u1ea5t nhi\u1ec7t \u0111i\u1ec7n kh\u1ed1i ZnO-Al2O3-Ga-2O3<\/p>\n<\/td>\n<td width=\"85\">\n<p>2020<\/p>\n<\/td>\n<td width=\"65\">\n<p>\u0110\u1ea1i h\u1ecdc<\/p>\n<\/td>\n<\/tr>\n<tr>\n<td width=\"47\">\n<p>6.\u00a0\u00a0\u00a0\u00a0\u00a0\u00a0\u00a0\u00a0\u00a0\u00a0\u00a0\u00a0 \u00a0<\/p>\n<\/td>\n<td width=\"188\">\n<p>L\u00ea L\u00e2m B\u1ea3o Ng\u1ecdc<\/p>\n<\/td>\n<td width=\"275\">\n<p>Ch\u1ebf t\u1ea1o v\u00e0 \u0111\u00e1nh gi\u00e1 t\u00ednh ch\u1ea5t nhi\u1ec7t \u0111i\u1ec7n c\u1ee7a v\u1eadt li\u1ec7u ZnO thu\u1ea7n, ZnO \u0111\u01a1n v\u00e0 ZnO \u0111\u1ed3ng pha t\u1ea1p c\u00e1c nguy\u00ean t\u1ed1 Al, Ga, In -\u1ee9ng d\u1ee5ng trong thi\u1ebft b\u1ecb nhi\u1ec7t \u0111i\u1ec7n<\/p>\n<\/td>\n<td width=\"85\">\n<p>2019<\/p>\n<\/td>\n<td width=\"65\">\n<p>\u0110\u1ea1i h\u1ecdc<\/p>\n<\/td>\n<\/tr>\n<tr>\n<td width=\"47\">\n<p>7.\u00a0\u00a0\u00a0\u00a0\u00a0\u00a0\u00a0\u00a0\u00a0\u00a0\u00a0\u00a0 \u00a0<\/p>\n<\/td>\n<td width=\"188\">\n<p>Phan Thanh T\u00fa<\/p>\n<\/td>\n<td width=\"275\">\n<p>Ch\u1ebf t\u1ea1o v\u00e0 Kh\u1ea3o s\u00e1t t\u00ednh ch\u1ea5t \u0111i\u1ec7n c\u1ee7a v\u1eadt li\u1ec7u kh\u1ed1i GZO v\u00e0 AGZO \u1ee9ng d\u1ee5ng l\u00e0m \u0111i\u1ec7n c\u1ef1c pin nhi\u1ec7t \u0111i\u1ec7n<\/p>\n<\/td>\n<td width=\"85\">\n<p>2019<\/p>\n<\/td>\n<td width=\"65\">\n<p>\u0110\u1ea1i h\u1ecdc<\/p>\n<\/td>\n<\/tr>\n<tr>\n<td width=\"47\">\n<p>8.\u00a0\u00a0\u00a0\u00a0\u00a0\u00a0\u00a0\u00a0\u00a0\u00a0\u00a0\u00a0 \u00a0<\/p>\n<\/td>\n<td width=\"188\">\n<p>L\u00ea B\u1ea3o T\u00ednh<\/p>\n<\/td>\n<td width=\"275\">\n<p>C\u1ea5u tr\u00fac v\u00e0 t\u00ednh ch\u1ea5t nhi\u1ec7t \u0111i\u1ec7n c\u1ee7a v\u1eadt li\u1ec7u kh\u1ed1i ZnO \u0111\u1ed3ng pha t\u1ea1p Indi v\u00e0 Gali<\/p>\n<\/td>\n<td width=\"85\">\n<p>2019<\/p>\n<\/td>\n<td width=\"65\">\n<p>\u0110\u1ea1i h\u1ecdc<\/p>\n<\/td>\n<\/tr>\n<tr>\n<td width=\"47\">\n<p>9.\u00a0\u00a0\u00a0\u00a0\u00a0\u00a0\u00a0\u00a0\u00a0\u00a0\u00a0\u00a0 \u00a0<\/p>\n<\/td>\n<td width=\"188\">\n<p>Ph\u1ea1m Minh T\u00f9ng<\/p>\n<\/td>\n<td width=\"275\">\n<p>\u0110\u00e1nh gi\u00e1 \u1ea3nh h\u01b0\u1edfng c\u1ee7a nhi\u1ec7t \u0111\u1ed9 thi\u00eau k\u1ebft l\u00ean \u0111\u1eb7c tr\u01b0ng c\u1ea5u tr\u00fac c\u1ee7a v\u1eadt li\u1ec7u kh\u1ed1i CuCr0.95Mg0.05O2.<\/p>\n<\/td>\n<td width=\"85\">\n<p>2019<\/p>\n<\/td>\n<td width=\"65\">\n<p>\u0110\u1ea1i h\u1ecdc<\/p>\n<\/td>\n<\/tr>\n<tr>\n<td width=\"47\">\n<p>10.\u00a0\u00a0\u00a0\u00a0\u00a0\u00a0\u00a0\u00a0 \u00a0<\/p>\n<\/td>\n<td width=\"188\">\n<p>T\u1ec1 Thanh Lu\u00e2n<\/p>\n<\/td>\n<td width=\"275\">\n<p>Kh\u1ea3o s\u00e1t \u1ea3nh h\u01b0\u1edfng t\u1ef7 l\u1ec7 pha t\u1ea1p Mg l\u00ean c\u00e1c t\u00ednh ch\u1ea5t \u0111i\u1ec7n, quang, c\u1ea5u tr\u00fac c\u1ee7a m\u00e0ng m\u1ecfng CuCrO2<\/p>\n<\/td>\n<td width=\"85\">\n<p>2019<\/p>\n<\/td>\n<td width=\"65\">\n<p>\u0110\u1ea1i h\u1ecdc<\/p>\n<\/td>\n<\/tr>\n<tr>\n<td width=\"47\">\n<p>11.\u00a0\u00a0\u00a0\u00a0\u00a0\u00a0\u00a0\u00a0 \u00a0<\/p>\n<\/td>\n<td width=\"188\">\n<p>Ph\u1ea1m Hu\u1ec7 Qu\u00e2n<\/p>\n<\/td>\n<td width=\"275\">\n<p>\u1ea2nh h\u01b0\u1edfng c\u1ee7a c\u00e1c \u0111i\u1ec1u ki\u1ec7n ch\u1ebf t\u1ea1o l\u00ean t\u00ednh ch\u1ea5t c\u1ee7a m\u00e0ng m\u1ecfng d\u1eabn \u0111i\u1ec7n lo\u1ea1i p c\u00f3 c\u1ea5u tr\u00fac delafosite CuCr0.95Mg0.05O<sub>2<\/sub><\/p>\n<\/td>\n<td width=\"85\">\n<p>2019<\/p>\n<\/td>\n<td width=\"65\">\n<p>\u0110\u1ea1i h\u1ecdc<\/p>\n<\/td>\n<\/tr>\n<tr>\n<td width=\"47\">\n<p>12.\u00a0\u00a0\u00a0\u00a0\u00a0\u00a0\u00a0\u00a0 \u00a0<\/p>\n<\/td>\n<td width=\"188\">\n<p>Nguy\u1ec5n Th\u1ecb V\u00e2n Tuy\u1ebft<\/p>\n<\/td>\n<td width=\"275\">\n<p>\u0110\u1eb7c tr\u01b0ng quang ph\u1ed5 \u0111i\u1ec7n t\u1eed tia x (XPS) c\u1ee7a m\u00e0ng m\u1ecfng ZnO pha t\u1ea1p Flo \u0111\u01b0\u1ee3c Hydro h\u00f3a c\u00f3 \u0111\u1ed9 linh \u0111\u1ed9ng \u0111i\u1ec7n t\u1eed cao.<\/p>\n<\/td>\n<td width=\"85\">\n<p>2019<\/p>\n<\/td>\n<td width=\"65\">\n<p>\u0110\u1ea1i h\u1ecdc<\/p>\n<\/td>\n<\/tr>\n<tr>\n<td width=\"47\">\n<p>13.\u00a0\u00a0\u00a0\u00a0\u00a0\u00a0\u00a0\u00a0 \u00a0<\/p>\n<\/td>\n<td width=\"188\">\n<p>Phan Tr\u1ecdng Ngh\u0129a<\/p>\n<\/td>\n<td width=\"275\">\n<p>Nghi\u00ean c\u1ee9u m\u1ed9t c\u00e1ch c\u00f3 h\u1ec7 th\u1ed1ng s\u1ef1 \u1ea3nh h\u01b0\u1edfng c\u1ee7a t\u1ea1p ch\u1ea5t nh\u00f3m IIIA l\u00ean c\u1ea5u tr\u00fac tinh th\u1ec3 v\u00e0 t\u00ednh ch\u1ea5t trong su\u1ed1t d\u1eabn \u0111i\u1ec7n c\u1ee7a m\u00e0ng m\u1ecfng ZnO<\/p>\n<\/td>\n<td width=\"85\">\n<p>2019<\/p>\n<\/td>\n<td width=\"65\">\n<p>\u0110\u1ea1i h\u1ecdc<\/p>\n<\/td>\n<\/tr>\n<tr>\n<td width=\"47\">\n<p>14.\u00a0\u00a0\u00a0\u00a0\u00a0\u00a0\u00a0\u00a0 \u00a0<\/p>\n<\/td>\n<td width=\"188\">\n<p>Tr\u1ecbnh Th\u1ecb L\u00fd<\/p>\n<\/td>\n<td width=\"275\">\n<p>S\u1ef1 h\u00e0i h\u00f2a n\u1ed3ng \u0111\u1ed9 t\u1ea1p ch\u1ea5t In v\u00e0 Ga trong vi\u1ec7c \u0111i\u1ec1u khi\u1ec3n c\u1ea5u tr\u00fac v\u00e0 t\u00ednh ch\u1ea5t nhi\u1ec7t \u0111i\u1ec7n c\u1ee7a v\u1eadt li\u1ec7u kh\u1ed1i ZnO.<\/p>\n<\/td>\n<td width=\"85\">\n<p>2019<\/p>\n<\/td>\n<td width=\"65\">\n<p>\u0110\u1ea1i h\u1ecdc<\/p>\n<\/td>\n<\/tr>\n<tr>\n<td width=\"47\">\n<p>15.\u00a0\u00a0\u00a0\u00a0\u00a0\u00a0\u00a0\u00a0 \u00a0<\/p>\n<\/td>\n<td width=\"188\">\n<p>Nguy\u1ec5n H\u1ed3ng \u0110\u00e0o<\/p>\n<\/td>\n<td width=\"275\">\n<p>Ch\u1ebf t\u1ea1o v\u00e0 kh\u1ea3o s\u00e1t t\u00ednh ch\u1ea5t nhi\u1ec7t \u0111i\u1ec7n c\u1ee7a v\u1eadt li\u1ec7u kh\u1ed1i CuCr1-xMgxO2<\/p>\n<\/td>\n<td width=\"85\">\n<p>2019<\/p>\n<\/td>\n<td width=\"65\">\n<p>\u0110\u1ea1i h\u1ecdc<\/p>\n<\/td>\n<\/tr>\n<tr>\n<td width=\"47\">\n<p>16.\u00a0\u00a0\u00a0\u00a0\u00a0\u00a0\u00a0\u00a0 \u00a0<\/p>\n<\/td>\n<td width=\"188\">\n<p>Ph\u1ea1m Th\u1ecb Ph\u01b0\u01a1ng Vy<\/p>\n<\/td>\n<td width=\"275\">\n<p>\u0110i\u1ec1u khi\u1ec3n t\u1ec9 l\u1ec7 t\u1ea1p ch\u1ea5t In v\u00e0 Ga \u0111\u1ec3 t\u0103ng c\u01b0\u1eddng t\u00edn hi\u1ec7u nhi\u1ec7t \u0111i\u1ec7n c\u1ee7a ZnO<\/p>\n<\/td>\n<td width=\"85\">\n<p>2019<\/p>\n<\/td>\n<td width=\"65\">\n<p>\u0110\u1ea1i h\u1ecdc<\/p>\n<\/td>\n<\/tr>\n<tr>\n<td width=\"47\">\n<p>17.\u00a0\u00a0\u00a0\u00a0\u00a0\u00a0\u00a0\u00a0 \u00a0<\/p>\n<\/td>\n<td width=\"188\">\n<p>\u0110inh Nguy\u1ec5n Quy\u1ebft Ti\u1ebfn<\/p>\n<\/td>\n<td width=\"275\">\n<p>Kh\u1ea3o s\u00e1t \u1ea3nh h\u01b0\u1edfng c\u1ee7a nhi\u1ec7t \u0111\u1ed9 nung l\u00ean m\u00e0ng m\u1ecfng ZnO pha t\u1ea1p Al ho\u1eb7c Ga \u0111\u01b0\u1ee3c ch\u1ebf t\u1ea1o b\u1eb1ngp h\u01b0\u01a1ng ph\u00e1p ph\u00fan x\u1ea1 magnetron DC trong h\u1ed7n h\u1ee3p kh\u00ed Ar v\u00e0 Hydro<\/p>\n<\/td>\n<td width=\"85\">\n<p>2018<\/p>\n<\/td>\n<td width=\"65\">\n<p>\u0110\u1ea1i h\u1ecdc<\/p>\n<\/td>\n<\/tr>\n<tr>\n<td width=\"47\">\n<p>18.\u00a0\u00a0\u00a0\u00a0\u00a0\u00a0\u00a0\u00a0 \u00a0<\/p>\n<\/td>\n<td width=\"188\">\n<p>L\u00ea Nh\u1ef1t C\u01b0\u1eddng<\/p>\n<\/td>\n<td width=\"275\">\n<p>Thi\u1ebft k\u1ebf c\u1ea5u h\u00ecnh \u0111\u1ed3ng ph\u00fan x\u1ea1 magnetron v\u00e0 ch\u1ebf t\u1ea1o th\u1eed nghi\u1ec7m m\u00e0ng m\u1ecfng h\u1ee3p kim Mg-Si-Sn cho \u1ee9ng d\u1ee5ng nhi\u1ec7t \u0111i\u1ec7n.<\/p>\n<\/td>\n<td width=\"85\">\n<p>2018<\/p>\n<\/td>\n<td width=\"65\">\n<p>\u0110\u1ea1i h\u1ecdc<\/p>\n<\/td>\n<\/tr>\n<tr>\n<td width=\"47\">\n<p>19.\u00a0\u00a0\u00a0\u00a0\u00a0\u00a0\u00a0\u00a0 \u00a0<\/p>\n<\/td>\n<td width=\"188\">\n<p>Tr\u1ea7n Th\u00f4ng Th\u00e1i<\/p>\n<\/td>\n<td width=\"275\">\n<p>C\u1ea5u tr\u00fac v\u00e0 t\u00ednh ch\u1ea5t d\u1eabn \u0111i\u1ec7n c\u1ee7a m\u00e0ng m\u1ecfng trong su\u1ed1t ZnO \u0111\u1ed3ng pha t\u1ea1p Flo v\u00e0 Hydro<\/p>\n<\/td>\n<td width=\"85\">\n<p>2018<\/p>\n<\/td>\n<td width=\"65\">\n<p>\u0110\u1ea1i h\u1ecdc<\/p>\n<\/td>\n<\/tr>\n<tr>\n<td width=\"47\">\n<p>20.\u00a0\u00a0\u00a0\u00a0\u00a0\u00a0\u00a0\u00a0 \u00a0<\/p>\n<\/td>\n<td width=\"188\">\n<p>L\u00ea \u0110\u0103ng T\u00f9ng<\/p>\n<\/td>\n<td width=\"275\">\n<p>\u1ea2nh h\u01b0\u1edfng c\u1ee7a t\u1ea1p ch\u1ea5t Flo l\u00ean t\u00ednh ch\u1ea5t trong su\u1ed1t v\u00e0 d\u1eabn \u0111i\u1ec7n c\u1ee7a m\u00e0ng m\u1ecfng ZnO ch\u1ebf t\u1ea1o b\u1eb1ng ph\u01b0\u01a1ng ph\u00e1p ph\u00fan x\u1ea1 magnetron.<\/p>\n<\/td>\n<td width=\"85\">\n<p>2018<\/p>\n<\/td>\n<td width=\"65\">\n<p>\u0110\u1ea1i h\u1ecdc<\/p>\n<\/td>\n<\/tr>\n<tr>\n<td width=\"47\">\n<p>21.\u00a0\u00a0\u00a0\u00a0\u00a0\u00a0\u00a0\u00a0 \u00a0<\/p>\n<\/td>\n<td width=\"188\">\n<p>L\u00ea To\u00e0n<\/p>\n<\/td>\n<td width=\"275\">\n<p>\u1ea2nh h\u01b0\u1edfng c\u1ee7a b\u1ec1 d\u00e0y l\u00ean t\u00ednh ch\u1ea5t \u0111i\u1ec7n, quang v\u00e0 c\u1ea5u tr\u00fac c\u1ee7a m\u00e0ng m\u1ecfng ZnO pha t\u1ea1p Ga \u0111\u01b0\u1ee3c Hydro h\u00f3a \u1ee9ng d\u1ee5ng l\u00e0m \u0111i\u1ec7n c\u1ef1c trong su\u1ed1t c\u00f3 \u0111\u1ed9 linh \u0111\u1ed9ng \u0111i\u1ec7n t\u1eed cao.<\/p>\n<\/td>\n<td width=\"85\">\n<p>2018<\/p>\n<\/td>\n<td width=\"65\">\n<p>\u0110\u1ea1i h\u1ecdc<\/p>\n<\/td>\n<\/tr>\n<tr>\n<td width=\"47\">\n<p>22.\u00a0\u00a0\u00a0\u00a0\u00a0\u00a0\u00a0\u00a0 \u00a0<\/p>\n<\/td>\n<td width=\"188\">\n<p>V\u0169 Minh H\u00f9ng<\/p>\n<\/td>\n<td width=\"275\">\n<p>\u0110\u00e1nh gi\u00e1 vai tr\u00f2 c\u1ee7a t\u1ea1p ch\u1ea5t Indium v\u00e0 Hydro l\u00ean t\u00ednh ch\u1ea5t \u0111i\u1ec7n v\u00e0 quang c\u1ee7a m\u00e0ng m\u1ecfng \u00f4x\u00edt k\u1ebdm \u0111\u01b0\u1ee3c ch\u1ebf t\u1ea1o b\u1eb1ng ph\u01b0\u01a1ng ph\u00e1p ph\u00fan x\u1ea1 Magetron DC<\/p>\n<\/td>\n<td width=\"85\">\n<p>2018<\/p>\n<\/td>\n<td width=\"65\">\n<p>\u0110\u1ea1i h\u1ecdc<\/p>\n<\/td>\n<\/tr>\n<tr>\n<td width=\"47\">\n<p>23.\u00a0\u00a0\u00a0\u00a0\u00a0\u00a0\u00a0\u00a0 \u00a0<\/p>\n<\/td>\n<td width=\"188\">\n<p>B\u00f9i Minh Th\u1eafng<\/p>\n<\/td>\n<td width=\"275\">\n<p>\u0110\u00e1nh gi\u00e1 vai tr\u00f2 c\u1ee7a t\u1ea1p ch\u1ea5t Galium, Indium v\u00e0 Hydro l\u00ean t\u00ednh ch\u1ea5t \u0111i\u1ec7n v\u00e0 quang c\u1ee7a m\u00e0ng m\u1ecfng \u00f4x\u00edt k\u1ebdm \u0111\u01b0\u1ee3c ch\u1ebf t\u1ea1o b\u1eb1ng ph\u01b0\u01a1ng ph\u00e1p ph\u00fan x\u1ea1 Magetron DC<\/p>\n<\/td>\n<td width=\"85\">\n<p>2018<\/p>\n<\/td>\n<td width=\"65\">\n<p>\u0110\u1ea1i h\u1ecdc<\/p>\n<\/td>\n<\/tr>\n<tr>\n<td width=\"47\">\n<p>24.\u00a0\u00a0\u00a0\u00a0\u00a0\u00a0\u00a0\u00a0 \u00a0<\/p>\n<\/td>\n<td width=\"188\">\n<p>B\u00f9i Th\u1ecb Kim Thanh<\/p>\n<\/td>\n<td width=\"275\">\n<p>Nghi\u00ean c\u1ee9u \u1ea3nh h\u01b0\u1edfng c\u1ee7a pha t\u1ea1p 3 th\u00e0nh ph\u1ea7n Gali, Indi v\u00e0 H<sub>2<\/sub> l\u00ean t\u00ednh ch\u1ea5t \u0111i\u1ec7n c\u1ee7a m\u00e0ng m\u1ecfng ZnO b\u1eb1ng ph\u01b0\u01a1ng ph\u00e1p ph\u00fan x\u1ea1 Magetron DC<\/p>\n<\/td>\n<td width=\"85\">\n<p>2017<\/p>\n<\/td>\n<td width=\"65\">\n<p>\u0110\u1ea1i h\u1ecdc<\/p>\n<\/td>\n<\/tr>\n<tr>\n<td width=\"47\">\n<p>25.\u00a0\u00a0\u00a0\u00a0\u00a0\u00a0\u00a0\u00a0 \u00a0<\/p>\n<\/td>\n<td width=\"188\">\n<p>L\u00ea Th\u1ecb Nhung<\/p>\n<\/td>\n<td width=\"275\">\n<p>\u0110\u00e1nh gi\u00e1 khuy\u1ebft t\u1eadt trong m\u00e0ng AZO pha t\u1ea1p Hy\u0111ro b\u1eb1ng ph\u01b0\u01a1ng ph\u00e1p quang ph\u00e1t quang<\/p>\n<\/td>\n<td width=\"85\">\n<p>2017<\/p>\n<\/td>\n<td width=\"65\">\n<p>\u0110\u1ea1i h\u1ecdc<\/p>\n<\/td>\n<\/tr>\n<tr>\n<td width=\"47\">\n<p>26.\u00a0\u00a0\u00a0\u00a0\u00a0\u00a0\u00a0\u00a0 \u00a0<\/p>\n<\/td>\n<td width=\"188\">\n<p>Ph\u1ea1m Ng\u1ecdc Ph\u01b0\u01a1ng<\/p>\n<\/td>\n<td width=\"275\">\n<p>Ch\u1ebf t\u1ea1o v\u00e0 x\u00e1c \u0111\u1ecbnh \u0111i\u1ec1u ki\u1ec7n ph\u00fan x\u1ea1 \u0111\u1ebfn \u0111i\u1ec7n tr\u1edf c\u1ee7a b\u1ec1 m\u1eb7t \u0111i\u1ec7n c\u1ef1c chip UVLED.<\/p>\n<\/td>\n<td width=\"85\">\n<p>2016<\/p>\n<\/td>\n<td width=\"65\">\n<p>\u0110\u1ea1i h\u1ecdc<\/p>\n<\/td>\n<\/tr>\n<tr>\n<td width=\"47\">\n<p>27.\u00a0\u00a0\u00a0\u00a0\u00a0\u00a0\u00a0\u00a0 \u00a0<\/p>\n<\/td>\n<td width=\"188\">\n<p>Ng\u00f4 Ph\u1ea1m Kh\u00e1nh Tu\u00e2n<\/p>\n<\/td>\n<td width=\"275\">\n<p>Kh\u1ea3o s\u00e1t c\u00e1c th\u00f4ng s\u1ed1 ph\u00fan x\u1ea1 \u0111\u1ec3 ch\u1ebf t\u1ea1o \u0111i\u1ec7n c\u1ef1c c\u00f4ng ngh\u1ec7 MEMS.<\/p>\n<\/td>\n<td width=\"85\">\n<p>2016<\/p>\n<\/td>\n<td width=\"65\">\n<p>\u0110\u1ea1i h\u1ecdc<\/p>\n<\/td>\n<\/tr>\n<tr>\n<td width=\"47\">\n<p>28.\u00a0\u00a0\u00a0\u00a0\u00a0\u00a0\u00a0\u00a0 \u00a0<\/p>\n<\/td>\n<td width=\"188\">\n<p>Nguy\u1ec5n Th\u1ee5c Oanh<\/p>\n<\/td>\n<td width=\"275\">\n<p>T\u0103ng c\u01b0\u1eddng \u0111\u1ed9 d\u1eabn \u0111i\u1ec7n c\u1ee7a m\u00e0ng m\u1ecfng IZO v\u1edbi vi\u1ec7c pha t\u1ea1p Hy\u0111r\u00f4 b\u1eb1ng ph\u01b0\u01a1ng ph\u00e1p ph\u00fan x\u1ea1 magnetron DC<\/p>\n<\/td>\n<td width=\"85\">\n<p>2016<\/p>\n<\/td>\n<td width=\"65\">\n<p>\u0110\u1ea1i h\u1ecdc<\/p>\n<\/td>\n<\/tr>\n<tr>\n<td width=\"47\">\n<p>29.\u00a0\u00a0\u00a0\u00a0\u00a0\u00a0\u00a0\u00a0 \u00a0<\/p>\n<\/td>\n<td width=\"188\">\n<p>T\u00f4 Ng\u1ecdc T\u00e2n<\/p>\n<\/td>\n<td width=\"275\">\n<p>Kh\u1ea3o s\u00e1t s\u1ef1 \u1ea3nh h\u01b0\u1edfng c\u1ee7a c\u00f4ng su\u1ea5t v\u00e0 b\u1ec1 d\u00e0y l\u00ean c\u00e1c t\u00ednh ch\u1ea5t m\u00e0ng m\u1ecfng AZO \u0111\u01b0\u1ee3c ph\u00fan x\u1ea1 trong m\u00f4i tr\u01b0\u1eddng kh\u00ed Hy\u0111r\u00f4 v\u00e0 Ar<\/p>\n<\/td>\n<td width=\"85\">\n<p>2016<\/p>\n<\/td>\n<td width=\"65\">\n<p>\u0110\u1ea1i h\u1ecdc<\/p>\n<\/td>\n<\/tr>\n<tr>\n<td width=\"47\">\n<p>30.\u00a0\u00a0\u00a0\u00a0\u00a0\u00a0\u00a0\u00a0 \u00a0<\/p>\n<\/td>\n<td width=\"188\">\n<p>Ng\u00f4 Th\u1ecb Ng\u00e2n H\u00e0<\/p>\n<\/td>\n<td width=\"275\">\n<p>\u1ea2nh h\u01b0\u1edfng c\u1ee7a s\u1ef1 \u0111\u1ed3ng pha t\u1ea1p Hy\u0111r\u00f4 v\u00e0 Gali l\u00ean t\u00ednh ch\u1ea5t quang-\u0111i\u1ec7n c\u1ee7a m\u00e0ng \u00f4x\u00edt ZnO ch\u1ebf t\u1ea1o b\u1eb1ng ph\u01b0\u01a1ng ph\u00e1p ph\u00fan x\u1ea1 magnetron DC<\/p>\n<\/td>\n<td width=\"85\">\n<p>2015<\/p>\n<\/td>\n<td width=\"65\">\n<p>\u00a0<\/p>\n<p>\u0110\u1ea1i h\u1ecdc<\/p>\n<\/td>\n<\/tr>\n<tr>\n<td width=\"47\">\n<p>31.\u00a0\u00a0\u00a0\u00a0\u00a0\u00a0\u00a0\u00a0 \u00a0<\/p>\n<\/td>\n<td width=\"188\">\n<p>Nguy\u1ec5n Duy Kh\u00e1nh<\/p>\n<\/td>\n<td width=\"275\">\n<p>Kh\u1ea3o s\u00e1t s\u1ef1 \u1ea3nh h\u01b0\u1edfng c\u1ee7a kh\u00ed hydro l\u00ean vi\u1ec7c t\u0103ng \u0111\u1ed9 linh \u0111\u1ed9ng \u0111i\u1ec7n t\u1eed trong m\u00e0ng ZnO:Al \u0111\u01b0\u1ee3c ch\u1ebf t\u1ea1o b\u1eb1ng ph\u01b0\u01a1ng ph\u00e1p ph\u00fan x\u1ea1 magnetron DC<\/p>\n<\/td>\n<td width=\"85\">\n<p>2015<\/p>\n<\/td>\n<td width=\"65\">\n<p>\u00a0<\/p>\n<p>\u0110\u1ea1i h\u1ecdc<\/p>\n<\/td>\n<\/tr>\n<tr>\n<td width=\"47\">\n<p>32.\u00a0\u00a0\u00a0\u00a0\u00a0\u00a0\u00a0\u00a0 \u00a0<\/p>\n<\/td>\n<td width=\"188\">\n<p>Ph\u1ea1m Thanh Tu\u1ea5n Anh<\/p>\n<\/td>\n<td width=\"275\">\n<p>Nghi\u00ean c\u1ee9u ch\u1ebf t\u1ea1o m\u00e0ng m\u1ecfng ZnO: (Ga,In) l\u00e0m \u0111i\u1ec7n c\u1ef1c trong su\u1ed1t ch\u1ecbu nhi\u1ec7t \u0111\u1ed9 cao.<\/p>\n<\/td>\n<td width=\"85\">\n<p>2014<\/p>\n<\/td>\n<td width=\"65\">\n<p>\u0110\u1ea1i h\u1ecdc<\/p>\n<\/td>\n<\/tr>\n<tr>\n<td width=\"47\">\n<p>33.\u00a0\u00a0\u00a0\u00a0\u00a0\u00a0\u00a0\u00a0 \u00a0<\/p>\n<\/td>\n<td width=\"188\">\n<p>\u0110o\u00e0n Th\u1ecb M\u1ef9 Duy\u00ean<\/p>\n<\/td>\n<td width=\"275\">\n<p>Kh\u1ea3o s\u00e1t s\u1ef1 \u1ea3nh h\u01b0\u1edfng c\u1ee7a Hydrol\u00ean m\u00e0ng m\u1ecfng ZnO thu\u1ea7n.<\/p>\n<\/td>\n<td width=\"85\">\n<p>2014<\/p>\n<\/td>\n<td width=\"65\">\n<p>\u0110\u1ea1i h\u1ecdc<\/p>\n<\/td>\n<\/tr>\n<tr>\n<td width=\"47\">\n<p>34.\u00a0\u00a0\u00a0\u00a0\u00a0\u00a0\u00a0\u00a0 \u00a0<\/p>\n<\/td>\n<td width=\"188\">\n<p>Nguy\u1ec5n V\u0103n T\u1ecbnh<\/p>\n<\/td>\n<td width=\"275\">\n<p>Nghi\u00ean c\u1ee9u v\u00e0 ch\u1ebf t\u1ea1o m\u00e0ng b\u1ec1n nhi\u1ec7t d\u1ef1a tr\u00ean ZnO pha t\u1ea1p.<\/p>\n<\/td>\n<td width=\"85\">\n<p>2013<\/p>\n<\/td>\n<td width=\"65\">\n<p>\u0110\u1ea1i h\u1ecdc<\/p>\n<\/td>\n<\/tr>\n<tr>\n<td width=\"47\">\n<p>35.\u00a0\u00a0\u00a0\u00a0\u00a0\u00a0\u00a0\u00a0 \u00a0<\/p>\n<\/td>\n<td width=\"188\">\n<p>Nguy\u1ec5n Ti\u1ebfn D\u0169ng<\/p>\n<\/td>\n<td width=\"275\">\n<p>Kh\u1ea3o s\u00e1t hi\u1ec7u \u1ee9ng Photovoltaic c\u1ee7a m\u00e0ng ZnO:Ga tr\u00ean \u0111\u1ebf Silic<\/p>\n<\/td>\n<td width=\"85\">\n<p>2012<\/p>\n<\/td>\n<td width=\"65\">\n<p>\u0110\u1ea1i h\u1ecdc<\/p>\n<\/td>\n<\/tr>\n<tr>\n<td width=\"47\">\n<p>36.\u00a0\u00a0\u00a0\u00a0\u00a0\u00a0\u00a0\u00a0 \u00a0<\/p>\n<\/td>\n<td width=\"188\">\n<p>V\u0169 Th\u1ecb D\u1ecbu<\/p>\n<\/td>\n<td width=\"275\">\n<p>\u1ea2nh h\u01b0\u1edfng c\u1ee7a nhi\u1ec7t \u0111\u1ed9 \u0111\u1ebf l\u00ean s\u1ef1 b\u1ec1n nhi\u1ec7t c\u1ee7a m\u00e0ng IGZO<\/p>\n<\/td>\n<td width=\"85\">\n<p>2012<\/p>\n<\/td>\n<td width=\"65\">\n<p>\u0110\u1ea1i h\u1ecdc<\/p>\n<\/td>\n<\/tr>\n<tr>\n<td width=\"47\">\n<p>37.\u00a0\u00a0\u00a0\u00a0\u00a0\u00a0\u00a0\u00a0 \u00a0<\/p>\n<\/td>\n<td width=\"188\">\n<p>V\u00f5 Th\u1ecb Kim Loan<\/p>\n<\/td>\n<td width=\"275\">\n<p>Kh\u1ea3o s\u00e1t m\u00e0ng ITO \u0111\u1ecbnh h\u01b0\u1edbng (222) tr\u00ean l\u1edbp \u0111\u1ec7m gi\u00e0u oxy<\/p>\n<\/td>\n<td width=\"85\">\n<p>2012<\/p>\n<\/td>\n<td width=\"65\">\n<p>\u0110\u1ea1i h\u1ecdc<\/p>\n<\/td>\n<\/tr>\n<tr>\n<td width=\"47\">\n<p>38.\u00a0\u00a0\u00a0\u00a0\u00a0\u00a0\u00a0\u00a0 \u00a0<\/p>\n<\/td>\n<td width=\"188\">\n<p>Phan T\u00fa Linh<\/p>\n<\/td>\n<td width=\"275\">\n<p>Ch\u1ebf t\u1ea1o m\u00e0ng m\u1ecfng silicon \u0111a tinh th\u1ec3 b\u1eb1ng ph\u01b0\u01a1ng ph\u00e1p nh\u00f4m th\u00fac \u0111\u1ea9y tinh th\u1ec3 h\u00f3a<\/p>\n<\/td>\n<td width=\"85\">\n<p>2011<\/p>\n<\/td>\n<td width=\"65\">\n<p>\u0110\u1ea1i h\u1ecdc<\/p>\n<\/td>\n<\/tr>\n<tr>\n<td width=\"47\">\n<p>39.\u00a0\u00a0\u00a0\u00a0\u00a0\u00a0\u00a0\u00a0 \u00a0<\/p>\n<\/td>\n<td width=\"188\">\n<p>\u0110inh Th\u1ecb \u0110\u1ee9c H\u1ea1nh<\/p>\n<\/td>\n<td width=\"275\">\n<p>\u1ea2nh h\u01b0\u1edfng c\u1ee7a qu\u00e1 tr\u00ecnh nung nhi\u1ec7t l\u00ean s\u1ef1 khu\u1ebfch t\u00e1n c\u1ee7a h\u1ec7 th\u1ed1ng Al\/Si d\u1eabn \u0111\u1ebfn s\u1ef1 h\u00ecnh th\u00e0nh m\u00e0ng Silic \u0111a tinh th\u1ec3 d\u1eabn \u0111i\u1ec7n lo\u1ea1i p<\/p>\n<\/td>\n<td width=\"85\">\n<p>2011<\/p>\n<\/td>\n<td width=\"65\">\n<p>\u0110\u1ea1i h\u1ecdc<\/p>\n<\/td>\n<\/tr>\n<tr>\n<td width=\"47\">\n<p>40.\u00a0\u00a0\u00a0\u00a0\u00a0\u00a0\u00a0\u00a0 \u00a0<\/p>\n<\/td>\n<td width=\"188\">\n<p>\u0110\u00e0o Th\u1ecb B\u0103ng T\u00e2m<\/p>\n<\/td>\n<td width=\"275\">\n<p>\u1ea2nh h\u01b0\u1edfng l\u00f3p kim lo\u1ea1i Al l\u00ean s\u1ef1 h\u00ecnh th\u00e0nh m\u00e0ng silic v\u00f4 \u0111\u1ecbnh h\u00ecnh<\/p>\n<\/td>\n<td width=\"85\">\n<p>2011<\/p>\n<\/td>\n<td width=\"65\">\n<p>\u0110\u1ea1i h\u1ecdc<\/p>\n<\/td>\n<\/tr>\n<tr>\n<td width=\"47\">\n<p>41.\u00a0\u00a0\u00a0\u00a0\u00a0\u00a0\u00a0\u00a0 \u00a0<\/p>\n<\/td>\n<td width=\"188\">\n<p>B\u00f9i T\u1ea5n Ph\u00fac<\/p>\n<\/td>\n<td width=\"275\">\n<p>Nghi\u00ean c\u1ee9u v\u00e0 ch\u1ebf t\u1ea1o m\u00e0ng b\u00e1n d\u1eabn lo\u1ea1i p d\u01b0a tr\u00ean ZnO:Cu:N<\/p>\n<\/td>\n<td width=\"85\">\n<p>2011<\/p>\n<\/td>\n<td width=\"65\">\n<p>\u0110\u1ea1i h\u1ecdc<\/p>\n<\/td>\n<\/tr>\n<tr>\n<td width=\"47\">\n<p>42.\u00a0\u00a0\u00a0\u00a0\u00a0\u00a0\u00a0\u00a0 \u00a0<\/p>\n<\/td>\n<td width=\"188\">\n<p>Nguy\u1ec5n H\u1eefu Tr\u01b0\u01a1ng<\/p>\n<\/td>\n<td width=\"275\">\n<p>Nghi\u00ean c\u1ee9u v\u00e0 ch\u1ebf t\u1ea1o m\u00e0ng b\u00e1n d\u1eabn lo\u1ea1i p d\u1ef1a tr\u00ean ZnO:Cu.<\/p>\n<\/td>\n<td width=\"85\">\n<p>2010<\/p>\n<\/td>\n<td width=\"65\">\n<p>\u0110\u1ea1i h\u1ecdc<\/p>\n<\/td>\n<\/tr>\n<tr>\n<td width=\"47\">\n<p>43.\u00a0\u00a0\u00a0\u00a0\u00a0\u00a0\u00a0\u00a0 \u00a0<\/p>\n<\/td>\n<td width=\"188\">\n<p>Ho\u00e0ng V\u0103n D\u0169ng<\/p>\n<\/td>\n<td width=\"275\">\n<p>\u1ea2nh h\u01b0\u1edfng c\u1ee7a b\u1ec1 d\u00e0y v\u00e0 nhi\u1ec7t \u0111\u1ed9 \u0111\u1ebf l\u00ean c\u1ea5u tr\u00fac m\u00e0ng micro Si:H<\/p>\n<\/td>\n<td width=\"85\">\n<p>2010<\/p>\n<\/td>\n<td width=\"65\">\n<p>\u0110\u1ea1i h\u1ecdc<\/p>\n<\/td>\n<\/tr>\n<tr>\n<td width=\"47\">\n<p>44.\u00a0\u00a0\u00a0\u00a0\u00a0\u00a0\u00a0\u00a0 \u00a0<\/p>\n<\/td>\n<td width=\"188\">\n<p>Nguy\u1ec5n H\u1eefu K\u1ebf<\/p>\n<\/td>\n<td width=\"275\">\n<p>Nghi\u00ean c\u1ee9u ch\u1ebf t\u1ea1o m\u00e0ng silic vi tinh th\u1ec3 b\u1eb1ng ph\u01b0\u01a1ng ph\u00e1p ph\u00fan x\u1ea1 magnetron RF<\/p>\n<\/td>\n<td width=\"85\">\n<p>2010<\/p>\n<\/td>\n<td width=\"65\">\n<p>\u0110\u1ea1i h\u1ecdc<\/p>\n<\/td>\n<\/tr>\n<tr>\n<td width=\"47\">\n<p>45.\u00a0\u00a0\u00a0\u00a0\u00a0\u00a0\u00a0\u00a0 \u00a0<\/p>\n<\/td>\n<td width=\"188\">\n<p>H\u1ed3 Nh\u01b0 Th\u1ee7y<\/p>\n<\/td>\n<td width=\"275\">\n<p>Ch\u1ebf t\u1ea1o ti\u1ebfp x\u00fac p-ZnO:N\/ n-Si<\/p>\n<\/td>\n<td width=\"85\">\n<p>2010<\/p>\n<\/td>\n<td width=\"65\">\n<p>\u0110\u1ea1i h\u1ecdc<\/p>\n<\/td>\n<\/tr>\n<tr>\n<td width=\"47\">\n<p>46.\u00a0\u00a0\u00a0\u00a0\u00a0\u00a0\u00a0\u00a0 \u00a0<\/p>\n<\/td>\n<td width=\"188\">\n<p>Nguy\u1ec5n Oanh Ki\u1ec1u Ng\u00e2n<\/p>\n<\/td>\n<td width=\"275\">\n<p>T\u00ednh to\u00e1n c\u00e1c th\u00f4ng s\u1ed1 quang h\u1ecdc m\u00e0ng a-Si:H b\u1eb1ng h\u00e0m \u0111i\u1ec7n m\u00f4i<\/p>\n<\/td>\n<td width=\"85\">\n<p>2010<\/p>\n<\/td>\n<td width=\"65\">\n<p>\u0110\u1ea1i h\u1ecdc<\/p>\n<\/td>\n<\/tr>\n<\/tbody>\n<\/table>\n<p>\u00a0<\/p>\n","protected":false},"excerpt":{"rendered":"<p>Danh s\u00e1ch sinh vi\u00ean \u0111\u00e3 h\u01b0\u1edbng d\u1eabn t\u1ea1i Ph\u00f2ng th\u00ed nghi\u1ec7m V\u1eadt li\u1ec7u K\u1ef9 thu\u1eadt cao<\/p>\n","protected":false},"author":1,"featured_media":0,"parent":192,"menu_order":0,"comment_status":"closed","ping_status":"closed","template":"","meta":{"footnotes":""},"_links":{"self":[{"href":"https:\/\/materials-lab.hcmus.edu.vn\/index.php?rest_route=\/wp\/v2\/pages\/197"}],"collection":[{"href":"https:\/\/materials-lab.hcmus.edu.vn\/index.php?rest_route=\/wp\/v2\/pages"}],"about":[{"href":"https:\/\/materials-lab.hcmus.edu.vn\/index.php?rest_route=\/wp\/v2\/types\/page"}],"author":[{"embeddable":true,"href":"https:\/\/materials-lab.hcmus.edu.vn\/index.php?rest_route=\/wp\/v2\/users\/1"}],"replies":[{"embeddable":true,"href":"https:\/\/materials-lab.hcmus.edu.vn\/index.php?rest_route=%2Fwp%2Fv2%2Fcomments&post=197"}],"version-history":[{"count":8,"href":"https:\/\/materials-lab.hcmus.edu.vn\/index.php?rest_route=\/wp\/v2\/pages\/197\/revisions"}],"predecessor-version":[{"id":633,"href":"https:\/\/materials-lab.hcmus.edu.vn\/index.php?rest_route=\/wp\/v2\/pages\/197\/revisions\/633"}],"up":[{"embeddable":true,"href":"https:\/\/materials-lab.hcmus.edu.vn\/index.php?rest_route=\/wp\/v2\/pages\/192"}],"wp:attachment":[{"href":"https:\/\/materials-lab.hcmus.edu.vn\/index.php?rest_route=%2Fwp%2Fv2%2Fmedia&parent=197"}],"curies":[{"name":"wp","href":"https:\/\/api.w.org\/{rel}","templated":true}]}}