{"id":240,"date":"2019-04-05T09:03:35","date_gmt":"2019-04-05T02:03:35","guid":{"rendered":"https:\/\/materials-lab.hcmus.edu.vn\/?page_id=240"},"modified":"2024-09-03T23:54:50","modified_gmt":"2024-09-03T16:54:50","slug":"instruments","status":"publish","type":"page","link":"https:\/\/materials-lab.hcmus.edu.vn\/?page_id=240","title":{"rendered":"Instruments"},"content":{"rendered":"\n<h2>1. <strong>L\u00f2 nung \u1ed1ng ch\u00e2n kh\u00f4ng OTF-1200X<\/strong><\/h2>\n\n\n\n<p>&#8211; Ch\u1ee9c n\u0103ng: L\u00f2 nung \u1ed1ng x\u1eed l\u00fd \u1edf nhi\u1ec7t \u0111\u1ed9 cao, l\u1eafng \u0111\u1ecdng h\u01a1i h\u00f3a h\u1ecdc (CVD), \u2026<br \/>&#8211; S\u1ed1 v\u00f9ng nhi\u1ec7t: 5 v\u00f9ng \u0111i\u1ec1u khi\u1ec3n ri\u00eang bi\u1ec7t.<br \/>&#8211; Nhi\u1ec7t \u0111\u1ed9 ho\u1ea1t \u0111\u1ed9ng: t\u1ed1i \u0111a 1200 <sup>o<\/sup>C (th\u1eddi gian ng\u1eafn), 1100 <sup>o<\/sup>C (li\u00ean t\u1ee5c).<br \/>&#8211; \u0110\u01b0\u1eddng k\u00ednh \u1ed1ng th\u1ea1ch anh: 10 cm.<br \/>&#8211; M\u00f4i tr\u01b0\u1eddng: ch\u00e2n kh\u00f4ng, Ar, N2, kh\u00f4ng kh\u00ed.<br \/>Th\u00f4ng tin chi ti\u1ebft: Tu\u1ea5n Anh (pttanh@hcmus.edu.vn)<br \/><a href=\"https:\/\/materials-lab.hcmus.edu.vn\/wp-content\/uploads\/2024\/09\/Picture1.png\"><img loading=\"lazy\" decoding=\"async\" class=\"aligncenter size-full wp-image-1623\" src=\"https:\/\/materials-lab.hcmus.edu.vn\/wp-content\/uploads\/2024\/09\/Picture1.png\" alt=\"\" width=\"528\" height=\"269\" srcset=\"https:\/\/materials-lab.hcmus.edu.vn\/wp-content\/uploads\/2024\/09\/Picture1.png 528w, https:\/\/materials-lab.hcmus.edu.vn\/wp-content\/uploads\/2024\/09\/Picture1-300x153.png 300w\" sizes=\"(max-width: 528px) 100vw, 528px\" \/><\/a> <a href=\"https:\/\/materials-lab.hcmus.edu.vn\/wp-content\/uploads\/2024\/09\/Picture2.png\"><img loading=\"lazy\" decoding=\"async\" class=\"aligncenter size-full wp-image-1624\" src=\"https:\/\/materials-lab.hcmus.edu.vn\/wp-content\/uploads\/2024\/09\/Picture2.png\" alt=\"\" width=\"528\" height=\"253\" srcset=\"https:\/\/materials-lab.hcmus.edu.vn\/wp-content\/uploads\/2024\/09\/Picture2.png 528w, https:\/\/materials-lab.hcmus.edu.vn\/wp-content\/uploads\/2024\/09\/Picture2-300x144.png 300w\" sizes=\"(max-width: 528px) 100vw, 528px\" \/><\/a><\/p>\n<p>&#8211;<\/p>\n","protected":false},"excerpt":{"rendered":"<p>1. L\u00f2 nung \u1ed1ng ch\u00e2n kh\u00f4ng OTF-1200X &#8211; Ch\u1ee9c n\u0103ng: L\u00f2 nung \u1ed1ng x\u1eed l\u00fd \u1edf<\/p>\n","protected":false},"author":1,"featured_media":0,"parent":236,"menu_order":0,"comment_status":"closed","ping_status":"closed","template":"","meta":{"footnotes":""},"_links":{"self":[{"href":"https:\/\/materials-lab.hcmus.edu.vn\/index.php?rest_route=\/wp\/v2\/pages\/240"}],"collection":[{"href":"https:\/\/materials-lab.hcmus.edu.vn\/index.php?rest_route=\/wp\/v2\/pages"}],"about":[{"href":"https:\/\/materials-lab.hcmus.edu.vn\/index.php?rest_route=\/wp\/v2\/types\/page"}],"author":[{"embeddable":true,"href":"https:\/\/materials-lab.hcmus.edu.vn\/index.php?rest_route=\/wp\/v2\/users\/1"}],"replies":[{"embeddable":true,"href":"https:\/\/materials-lab.hcmus.edu.vn\/index.php?rest_route=%2Fwp%2Fv2%2Fcomments&post=240"}],"version-history":[{"count":6,"href":"https:\/\/materials-lab.hcmus.edu.vn\/index.php?rest_route=\/wp\/v2\/pages\/240\/revisions"}],"predecessor-version":[{"id":1636,"href":"https:\/\/materials-lab.hcmus.edu.vn\/index.php?rest_route=\/wp\/v2\/pages\/240\/revisions\/1636"}],"up":[{"embeddable":true,"href":"https:\/\/materials-lab.hcmus.edu.vn\/index.php?rest_route=\/wp\/v2\/pages\/236"}],"wp:attachment":[{"href":"https:\/\/materials-lab.hcmus.edu.vn\/index.php?rest_route=%2Fwp%2Fv2%2Fmedia&parent=240"}],"curies":[{"name":"wp","href":"https:\/\/api.w.org\/{rel}","templated":true}]}}