{"id":439,"date":"2019-07-25T14:51:47","date_gmt":"2019-07-25T07:51:47","guid":{"rendered":"https:\/\/materials-lab.hcmus.edu.vn\/?page_id=439"},"modified":"2021-05-14T23:01:29","modified_gmt":"2021-05-14T16:01:29","slug":"conferences","status":"publish","type":"page","link":"https:\/\/materials-lab.hcmus.edu.vn\/?page_id=439","title":{"rendered":"Conferences"},"content":{"rendered":"\n<p style=\"font-family: Cambria; font-size: 40px; color: blue;\">2020<\/p>\n\n\n\n<figure class=\"wp-block-gallery columns-1 is-cropped wp-block-gallery-1 is-layout-flex wp-block-gallery-is-layout-flex\"><ul class=\"blocks-gallery-grid\"><li class=\"blocks-gallery-item\"><figure><img loading=\"lazy\" decoding=\"async\" width=\"1000\" height=\"404\" src=\"https:\/\/materials-lab.hcmus.edu.vn\/wp-content\/uploads\/2021\/05\/Screenshot_2021-05-14-IPCA11.png\" alt=\"\" data-id=\"796\" data-full-url=\"https:\/\/materials-lab.hcmus.edu.vn\/wp-content\/uploads\/2021\/05\/Screenshot_2021-05-14-IPCA11.png\" data-link=\"https:\/\/materials-lab.hcmus.edu.vn\/?attachment_id=796#main\" class=\"wp-image-796\" srcset=\"https:\/\/materials-lab.hcmus.edu.vn\/wp-content\/uploads\/2021\/05\/Screenshot_2021-05-14-IPCA11.png 1000w, https:\/\/materials-lab.hcmus.edu.vn\/wp-content\/uploads\/2021\/05\/Screenshot_2021-05-14-IPCA11-300x121.png 300w, https:\/\/materials-lab.hcmus.edu.vn\/wp-content\/uploads\/2021\/05\/Screenshot_2021-05-14-IPCA11-768x310.png 768w\" sizes=\"(max-width: 1000px) 100vw, 1000px\" \/><\/figure><\/li><\/ul><\/figure>\n\n\n\n<ol>\n<li>\n<p><span class=\"fontstyle0\"><strong>Dung Van Hoang<\/strong>, Tu Anh Kieu Le, <strong>Anh Tuan Thanh Pham, Truong Huu Nguyen,<\/strong> Ngoc Kim Pham, Hanh Kieu Thi Ta, Hanh Duc Thi Dinh, Dai Cao Truong, Hoa Thi Lai, Ngoc Van Le, <strong>Vinh Cao Tran, Thang Bach Phan<br \/><\/strong><\/span><span style=\"color: #800080;\"><strong><em>The influence of the sputtering currents on structural, optical and electrical properties of CuCr<sub>0.95<\/sub>Mg<sub>0.05<\/sub>O<sub>2<\/sub> thin films<\/em><\/strong><\/span><br \/><br \/>[<a href=\"https:\/\/materials-lab.hcmus.edu.vn\/wp-content\/uploads\/2021\/05\/2020_iCPA11-Proceeding-hvd.pdf\">Download fulltext<\/a>]<\/p>\n<\/li>\n<\/ol>\n\n\n\n<p style=\"font-family: Cambria; font-size: 40px; color: blue;\">2019<\/p>\n<p><span style=\"color: #ff0000;\"><strong> <span class=\"fontstyle0\">H\u1ed9i ngh\u1ecb V\u1eadt l\u00fd Ch\u1ea5t r\u1eafn v\u00e0 Khoa h\u1ecdc V\u1eadt li\u1ec7u To\u00e0n qu\u1ed1c \u2013 SPMS 2019 _ Tr\u01b0\u1eddng \u0110\u1ea1i h\u1ecdc Quy Nh\u01a1n, B\u00ecnh \u0110\u1ecbnh 2-4\/11\/2019<\/span> <\/strong><\/span><\/p>\n<ol>\n<li><strong> <span class=\"fontstyle0\">Ho\u00e0ng V\u0103n D\u0169ng<\/span><\/strong><span class=\"fontstyle0\">, <strong>Ph\u1ea1m Thanh Tu\u1ea5n Anh<\/strong><\/span><strong><span class=\"fontstyle0\">, Nguy\u1ec5n H\u1eefu Tr\u01b0\u01a1ng<\/span><\/strong><span class=\"fontstyle0\">, Ph\u1ea1m Kim Ng\u1ecdc<\/span><span class=\"fontstyle0\">, T\u1ea1 Th\u1ecb Ki\u1ec1u H\u1ea1nh<\/span><span class=\"fontstyle0\">, L\u00ea Nguy\u1ec5n B\u1ea3o Th\u01b0<\/span><span class=\"fontstyle0\">, <strong>Tr\u1ea7n Cao Vinh<\/strong><\/span> <span class=\"fontstyle0\">v\u00e0 Phan B\u00e1ch Th\u1eafng<\/span> <br><em><strong><span style=\"color: #800080;\">\u1ea2nh h\u01b0\u1edfng c\u1ee7a nhi\u1ec7t \u0111\u1ed9 thi\u00eau k\u1ebft l\u00ean c\u00e1c \u0111\u1eb7c tr\u01b0ng c\u1ea5u tr\u00fac c\u1ee7a v\u1eadt li\u1ec7u delafossite CuCr<sub>0.95<\/sub>Mg<sub>0.05<\/sub>O<sub>2<\/sub><\/span><\/strong><\/em><br>Trang 780 &#8211; 784, Quy\u1ec3n 2<\/li>\n<li><strong> <span class=\"fontstyle0\">Nguy\u1ec5n H\u1eefu Tr\u01b0\u01a1ng<\/span><\/strong><span class=\"fontstyle0\">, <strong>Ph\u1ea1m Thanh Tu\u1ea5n Anh<\/strong><\/span><strong><span class=\"fontstyle0\">, Ho\u00e0ng V\u0103n D\u0169ng<\/span><\/strong><span class=\"fontstyle0\">, L\u1ea1i Th\u1ecb Hoa<\/span><span class=\"fontstyle0\">, Ph\u1ea1m Kim Ng\u1ecdc<\/span><span class=\"fontstyle0\">, T\u1ea1 Th\u1ecb Ki\u1ec1u H\u1ea1nh<\/span><span class=\"fontstyle0\">, L\u00ea Nguy\u1ec5n B\u1ea3o Th\u01b0<\/span><span class=\"fontstyle0\">, L\u00ea V\u0103n Ng\u1ecdc<\/span><span class=\"fontstyle0\">, Ho\u00e0ng D\u0169ng<\/span><span class=\"fontstyle0\">,<strong> Tr\u1ea7n Cao Vinh<\/strong><\/span><span class=\"fontstyle0\">, Phan B\u00e1ch Th\u1eafng<br><\/span> <span style=\"color: #800080;\"><em><strong>C\u1ea3i thi\u1ec7n h\u1ec7 s\u1ed1 c\u00f4ng su\u1ea5t nhi\u1ec7t \u0111i\u1ec7n b\u1eb1ng c\u00e1ch \u0111\u1ed3ng pha t\u1ea1p nh\u00f4m v\u00e0 gali d\u1ef1a tr\u00ean n\u1ec1n v\u1eadt li\u1ec7u oxit k\u1ebdm<\/strong><\/em><\/span><br>Trang 793 &#8211; 796, Quy\u1ec3n 2<\/li>\n<li><span class=\"fontstyle0\">L\u1ea1i Th\u1ecb Hoa<\/span><span class=\"fontstyle0\">, Ph\u1ea1m Thanh Tu\u1ea5n Anh<\/span><span class=\"fontstyle0\">, Nguy\u1ec5n H\u1eefu Tr\u01b0\u01a1ng<\/span><span class=\"fontstyle0\">, Ho\u00e0ng V\u0103n D\u0169ng<\/span><span class=\"fontstyle0\">, T\u1ea1 Th\u1ecb Ki\u1ec1u H\u1ea1nh<\/span><span class=\"fontstyle0\">, L\u00ea Nguy\u1ec5n B\u1ea3o Th\u01b0<\/span><span class=\"fontstyle0\">, Ph\u1ea1m Kim Ng\u1ecdc<\/span><span class=\"fontstyle0\">, D\u01b0\u01a1ng Anh Tu\u1ea5n<\/span><span class=\"fontstyle0\">, Tr\u1ea7n Cao Vinh<\/span><span class=\"fontstyle0\">, Phan B\u00e1ch Th\u1eafng<\/span><span class=\"fontstyle0\">, Ho\u00e0ng D\u0169ng<br><span style=\"color: #800080;\"><em><strong>\u1ea2nh h\u01b0\u1edfng c\u1ee7a qu\u00e1 tr\u00ecnh x\u1eed l\u00fd nhi\u1ec7t l\u00ean t\u00ednh ch\u1ea5t nhi\u1ec7t \u0111i\u1ec7n c\u1ee7a v\u1eadt li\u1ec7u kh\u1ed1i ZnO<\/strong><\/em><\/span><br><\/span>Trang 757 &#8211; 760, Quy\u1ec3n 2<br>(<a href=\"https:\/\/materials-lab.hcmus.edu.vn\/wp-content\/uploads\/2019\/12\/Proceeding-of-SPMS2019-CTVL-VLND1.pdf\">Download c\u00e1c c\u00f4ng b\u1ed1 tr\u00ean<\/a>)<\/li>\n<\/ol>\n<h1>2018<\/h1>\n<h5><span style=\"color: #ff0000;\">The 9<sup>th<\/sup> international workshop on advanced materials science and nanotechnology IWAMSN 2018 &#8211; November 7<sup>th<\/sup> \u2013 11<sup>th<\/sup>, 2018 Ninh Binh, Vietnam<\/span><\/h5>\n<ol>\n<li>\n<p><strong>Hoang Van Dung<\/strong>, <strong>Pham Thanh Tuan Anh, Nguyen Huu Truong<\/strong>, Phan Bach Thang and <strong>Tran Cao Vinh<br><\/strong><span style=\"color: #800080;\"><em><strong>Effect of thickness on structural, optical and electrical properties of hydrogen and aluminum co-doped ZnO thin films<\/strong><\/em><\/span><br>Code: NMD-P12<\/p>\n<p>&nbsp;<\/p>\n<\/li>\n<\/ol>\n<h1>2017<\/h1>\n<h5><span class=\"fontstyle0\" style=\"color: #ff0000;\"> H\u1ed9i ngh\u1ecb V\u1eadt l\u00fd Ch\u1ea5t r\u1eafn v\u00e0 Khoa h\u1ecdc V\u1eadt li\u1ec7u To\u00e0n qu\u1ed1c \u2013 SPMS 2017<\/span><\/h5>\n<ol>\n<li>\n<p><strong>Ho\u00e0ng V\u0103n D\u0169ng, Ph\u1ea1m Thanh Tu\u1ea5n Anh<\/strong>, \u0110\u1ed7 Th\u1ecb Nga, <strong>Nguy\u1ec5n H\u1eefu Tr\u01b0\u01a1ng<\/strong>, Phan B\u00e1ch Th\u1eafng, Nguy\u1ec5n Duy Kh\u00e1nh, L\u00ea Th\u1ecb Nhung, \u0110inh Nguy\u1ec5n Quy\u1ebft Ti\u1ebfn, L\u00ea To\u00e0n, L\u00ea \u0110\u0103ng T\u00f9ng, <strong>Tr\u1ea7n Cao Vinh<br><\/strong><em><strong><span style=\"color: #800080;\">\u1ea2nh h\u01b0\u1edfng c\u1ee7a s\u1ef1 \u1ee7 nhi\u1ec7t l\u00ean t\u00ednh ch\u1ea5t \u0111i\u1ec7n, quang v\u00e0 c\u1ea5u tr\u00fac c\u1ee7a m\u00e0ng m\u1ecfng ZnO \u0111\u1ed3ng pha t\u1ea1p nh\u00f4m v\u00e0 hydr\u00f4<\/span><\/strong><\/em><br>Code: <em><strong><a href=\"https:\/\/materials-lab.hcmus.edu.vn\/wp-content\/uploads\/2019\/07\/373-375-C-07-PHoang-Van-Dung-SPMS2017-.pdf\" target=\"_blank\" rel=\"noopener noreferrer\">C-07-p373-375 (Download)<\/a><\/strong><\/em><\/p>\n<\/li>\n<li>&nbsp;<\/li>\n<\/ol>\n","protected":false},"excerpt":{"rendered":"<p>2020 Dung Van Hoang, Tu Anh Kieu Le, Anh Tuan Thanh Pham, Truong Huu Nguyen, Ngoc<\/p>\n","protected":false},"author":1,"featured_media":0,"parent":393,"menu_order":2,"comment_status":"closed","ping_status":"closed","template":"","meta":{"footnotes":""},"_links":{"self":[{"href":"https:\/\/materials-lab.hcmus.edu.vn\/index.php?rest_route=\/wp\/v2\/pages\/439"}],"collection":[{"href":"https:\/\/materials-lab.hcmus.edu.vn\/index.php?rest_route=\/wp\/v2\/pages"}],"about":[{"href":"https:\/\/materials-lab.hcmus.edu.vn\/index.php?rest_route=\/wp\/v2\/types\/page"}],"author":[{"embeddable":true,"href":"https:\/\/materials-lab.hcmus.edu.vn\/index.php?rest_route=\/wp\/v2\/users\/1"}],"replies":[{"embeddable":true,"href":"https:\/\/materials-lab.hcmus.edu.vn\/index.php?rest_route=%2Fwp%2Fv2%2Fcomments&post=439"}],"version-history":[{"count":21,"href":"https:\/\/materials-lab.hcmus.edu.vn\/index.php?rest_route=\/wp\/v2\/pages\/439\/revisions"}],"predecessor-version":[{"id":817,"href":"https:\/\/materials-lab.hcmus.edu.vn\/index.php?rest_route=\/wp\/v2\/pages\/439\/revisions\/817"}],"up":[{"embeddable":true,"href":"https:\/\/materials-lab.hcmus.edu.vn\/index.php?rest_route=\/wp\/v2\/pages\/393"}],"wp:attachment":[{"href":"https:\/\/materials-lab.hcmus.edu.vn\/index.php?rest_route=%2Fwp%2Fv2%2Fmedia&parent=439"}],"curies":[{"name":"wp","href":"https:\/\/api.w.org\/{rel}","templated":true}]}}