{"id":967,"date":"2022-11-03T10:31:21","date_gmt":"2022-11-03T03:31:21","guid":{"rendered":"https:\/\/materials-lab.hcmus.edu.vn\/?page_id=967"},"modified":"2022-11-03T10:31:21","modified_gmt":"2022-11-03T03:31:21","slug":"news","status":"publish","type":"page","link":"https:\/\/materials-lab.hcmus.edu.vn\/?page_id=967","title":{"rendered":"News"},"content":{"rendered":"\n<div class=\"wp-block-columns is-layout-flex wp-container-core-columns-is-layout-1 wp-block-columns-is-layout-flex\">\n<div class=\"wp-block-column is-layout-flow wp-block-column-is-layout-flow\" style=\"flex-basis:100%\"><ul class=\"wp-block-latest-posts__list has-dates wp-block-latest-posts has-small-font-size\"><li><a class=\"wp-block-latest-posts__post-title\" href=\"https:\/\/materials-lab.hcmus.edu.vn\/?p=1892\">CONGRATULATIONS to the AM-Lab &amp; our members on being honored at the Conference on Exemplary Models of the 2020-2025 period<\/a><time datetime=\"2025-06-06T14:29:46+07:00\" class=\"wp-block-latest-posts__post-date\">06\/06\/2025<\/time><div class=\"wp-block-latest-posts__post-excerpt\">[K\u00e9o xu\u1ed1ng \u0111\u1ec3 xem n\u1ed9i dung b\u1eb1ng Ti\u1ebfng Vi\u1ec7t]On the morning of June 5, 2025, at the Commendation Conference for the 2020\u20132025 period held by the University of Science, VNU-HCM, the Laboratory of Advanced Materials (AM-Lab), along with two outstanding scientists \u2013 Dr. Pham Thanh Tuan Anh (Deputy Head of AM-Lab) and Dr. Hoang Van<\/div><\/li>\n<li><a class=\"wp-block-latest-posts__post-title\" href=\"https:\/\/materials-lab.hcmus.edu.vn\/?p=1468\">Ch\u00fac m\u1eebng Th\u1ea7y Tr\u1ea7n Cao Vinh nh\u1eadn Q\u0110 b\u1ed5 nhi\u1ec7m Ph\u00f3 Gi\u00e1m \u0110\u1ed1c \u0110HQG-HCM<\/a><time datetime=\"2024-07-16T21:07:23+07:00\" class=\"wp-block-latest-posts__post-date\">16\/07\/2024<\/time><div class=\"wp-block-latest-posts__post-excerpt\">PGS TS Tr\u1ea7n Cao Vinh nh\u1eadn Quy\u1ebft \u0111\u1ecbnh b\u1ed5 nhi\u1ec7m PG\u0110 DHQG-HCM<\/div><\/li>\n<li><a class=\"wp-block-latest-posts__post-title\" href=\"https:\/\/materials-lab.hcmus.edu.vn\/?p=1438\">Ch\u00fac m\u1eebng T\u00e2n Ti\u1ebfn s\u0129 v\u00e0 Th\u1ea1c s\u0129 c\u1ee7a PTN. VLKTC<\/a><time datetime=\"2024-06-27T09:38:37+07:00\" class=\"wp-block-latest-posts__post-date\">27\/06\/2024<\/time><div class=\"wp-block-latest-posts__post-excerpt\">L\u1ec5 nh\u1eadn b\u1eb1ng t\u1ed1t nghi\u1ec7p Ti\u1ebfn s\u0129 v\u00e0 Th\u1ea1c s\u0129 t\u1ea1i tr\u01b0\u1eddng \u0110H Khoa h\u1ecdc t\u1ef1 nhi\u00ean \u0110HQG-HCM ng\u00e0y 19\/6\/2024.<\/div><\/li>\n<li><a class=\"wp-block-latest-posts__post-title\" href=\"https:\/\/materials-lab.hcmus.edu.vn\/?p=1178\">Ch\u00fac m\u1eebng NCS. Ph\u1ea1m Thanh Tu\u1ea5n Anh b\u1ea3o v\u1ec7 th\u00e0nh c\u00f4ng LATS C\u1ea5p \u0110VCM<\/a><time datetime=\"2023-10-17T08:53:53+07:00\" class=\"wp-block-latest-posts__post-date\">17\/10\/2023<\/time><div class=\"wp-block-latest-posts__post-excerpt\">Ng\u00e0y 16\/10\/2023, NCS. Ph\u1ea1m Thanh Tu\u1ea5n Anh \u0111\u00e3 b\u1ea3o v\u1ec7 th\u00e0nh c\u00f4ng Lu\u1eadn \u00e1n Ti\u1ebfn s\u0129 c\u1ea5p \u0110\u01a1n v\u1ecb chuy\u00ean m\u00f4n t\u1ea1i ph\u00f2ng F.102 Tr\u01b0\u1eddng \u0110H Khoa h\u1ecdc T\u1ef1 nhi\u00ean.&nbsp; Lu\u1eadn \u00e1n Ti\u1ebfn s\u0129 c\u1ee7a NCS. Ph\u1ea1m Thanh Tu\u1ea5n Anh nghi\u00ean c\u1ee9u v\u1ec1 v\u1eadt li\u1ec7u nhi\u1ec7t \u0111i\u1ec7n ZnO v\u1edbi t\u00ean Lu\u1eadn \u00e1n &#8220;Studying thermoelectric properties<\/div><\/li>\n<li><a class=\"wp-block-latest-posts__post-title\" href=\"https:\/\/materials-lab.hcmus.edu.vn\/?p=1166\">Ch\u00fac m\u1eebng t\u00e2n ThS. \u0110o\u00e0n Th\u1ecb T\u00fa Uy\u00ean<\/a><time datetime=\"2023-09-21T22:49:35+07:00\" class=\"wp-block-latest-posts__post-date\">21\/09\/2023<\/time><div class=\"wp-block-latest-posts__post-excerpt\">Bu\u1ed5i b\u1ea3o v\u1ec7 T\u00e2n ThS. \u0110o\u00e0n Th\u1ecb T\u00fa Uy\u00ean<\/div><\/li>\n<li><a class=\"wp-block-latest-posts__post-title\" href=\"https:\/\/materials-lab.hcmus.edu.vn\/?p=1143\">Ch\u00fac m\u1eebng Gi\u1ea3i 3 Gi\u1ea3i th\u01b0\u1edfng S\u00e1ng t\u1ea1o TP.HCM l\u1ea7n 3 n\u0103m 2023<\/a><time datetime=\"2023-09-09T06:56:07+07:00\" class=\"wp-block-latest-posts__post-date\">09\/09\/2023<\/time><div class=\"wp-block-latest-posts__post-excerpt\">Ch\u00fac m\u1eebng PGS.TS. Tr\u1ea7n Cao Vinh, GS.TS. Phan B\u00e1ch Th\u1eafng v\u00e0 ThS. Ph\u1ea1m Thanh Tu\u1ea5n Anh \u0111\u00e3 xu\u1ea5t s\u1eafc \u0111\u1ea1t Gi\u1ea3i 3 Gi\u1ea3i th\u01b0\u1edfng S\u00e1ng t\u1ea1o Tp.HCM l\u1ea7n 3. T\u1ed1i 8-9, TP.HCM t\u1ed5 ch\u1ee9c bu\u1ed5i l\u1ec5 c\u00f4ng b\u1ed1 v\u00e0 trao t\u1eb7ng gi\u1ea3i th\u01b0\u1edfng S\u00e1ng t\u1ea1o TP.HCM l\u1ea7n th\u1ee9 3, n\u0103m 2023. \u0110\u00e2y l\u00e0 m\u1ed9t trong<\/div><\/li>\n<\/ul><\/div>\n<\/div>\n","protected":false},"excerpt":{"rendered":"","protected":false},"author":1,"featured_media":0,"parent":0,"menu_order":0,"comment_status":"closed","ping_status":"closed","template":"","meta":{"footnotes":""},"_links":{"self":[{"href":"https:\/\/materials-lab.hcmus.edu.vn\/index.php?rest_route=\/wp\/v2\/pages\/967"}],"collection":[{"href":"https:\/\/materials-lab.hcmus.edu.vn\/index.php?rest_route=\/wp\/v2\/pages"}],"about":[{"href":"https:\/\/materials-lab.hcmus.edu.vn\/index.php?rest_route=\/wp\/v2\/types\/page"}],"author":[{"embeddable":true,"href":"https:\/\/materials-lab.hcmus.edu.vn\/index.php?rest_route=\/wp\/v2\/users\/1"}],"replies":[{"embeddable":true,"href":"https:\/\/materials-lab.hcmus.edu.vn\/index.php?rest_route=%2Fwp%2Fv2%2Fcomments&post=967"}],"version-history":[{"count":2,"href":"https:\/\/materials-lab.hcmus.edu.vn\/index.php?rest_route=\/wp\/v2\/pages\/967\/revisions"}],"predecessor-version":[{"id":969,"href":"https:\/\/materials-lab.hcmus.edu.vn\/index.php?rest_route=\/wp\/v2\/pages\/967\/revisions\/969"}],"wp:attachment":[{"href":"https:\/\/materials-lab.hcmus.edu.vn\/index.php?rest_route=%2Fwp%2Fv2%2Fmedia&parent=967"}],"curies":[{"name":"wp","href":"https:\/\/api.w.org\/{rel}","templated":true}]}}